{"id":743222,"date":"2026-01-31T09:18:26","date_gmt":"2026-01-31T08:18:26","guid":{"rendered":"https:\/\/www.holding-graz.at\/?page_id=743222"},"modified":"2026-04-02T14:33:22","modified_gmt":"2026-04-02T12:33:22","slug":"fuer-mobilitaetseingeschraenkte-fahrgaeste-graz-linien-erleben","status":"publish","type":"page","link":"https:\/\/www.holding-graz.at\/de\/mobilitaet\/fuer-mobilitaetseingeschraenkte-fahrgaeste-graz-linien-erleben\/","title":{"rendered":"F\u00fcr mobilit\u00e4tseingeschr\u00e4nkte Fahrg\u00e4ste: &#8222;Graz Linien erleben&#8220;"},"content":{"rendered":"","protected":false},"excerpt":{"rendered":"","protected":false},"author":9,"featured_media":258420,"parent":230,"menu_order":0,"comment_status":"closed","ping_status":"closed","template":"","meta":{"_acf_changed":false,"footnotes":""},"class_list":["post-743222","page","type-page","status-publish","hentry"],"acf":[],"publishpress_future_action":{"enabled":false,"date":"2026-05-08 22:32:22","action":"change-status","newStatus":"draft","terms":[],"taxonomy":"translation_priority","extraData":[]},"publishpress_future_workflow_manual_trigger":{"enabledWorkflows":[]},"_links":{"self":[{"href":"https:\/\/www.holding-graz.at\/de\/wp-json\/wp\/v2\/pages\/743222","targetHints":{"allow":["GET"]}}],"collection":[{"href":"https:\/\/www.holding-graz.at\/de\/wp-json\/wp\/v2\/pages"}],"about":[{"href":"https:\/\/www.holding-graz.at\/de\/wp-json\/wp\/v2\/types\/page"}],"author":[{"embeddable":true,"href":"https:\/\/www.holding-graz.at\/de\/wp-json\/wp\/v2\/users\/9"}],"replies":[{"embeddable":true,"href":"https:\/\/www.holding-graz.at\/de\/wp-json\/wp\/v2\/comments?post=743222"}],"version-history":[{"count":20,"href":"https:\/\/www.holding-graz.at\/de\/wp-json\/wp\/v2\/pages\/743222\/revisions"}],"predecessor-version":[{"id":841027,"href":"https:\/\/www.holding-graz.at\/de\/wp-json\/wp\/v2\/pages\/743222\/revisions\/841027"}],"up":[{"embeddable":true,"href":"https:\/\/www.holding-graz.at\/de\/wp-json\/wp\/v2\/pages\/230"}],"wp:featuredmedia":[{"embeddable":true,"href":"https:\/\/www.holding-graz.at\/de\/wp-json\/wp\/v2\/media\/258420"}],"wp:attachment":[{"href":"https:\/\/www.holding-graz.at\/de\/wp-json\/wp\/v2\/media?parent=743222"}],"curies":[{"name":"wp","href":"https:\/\/api.w.org\/{rel}","templated":true}]}}